{"id":193,"date":"2022-03-18T09:15:47","date_gmt":"2022-03-18T09:15:47","guid":{"rendered":"https:\/\/mirazofuneraria.es\/?page_id=193"},"modified":"2022-05-02T08:55:47","modified_gmt":"2022-05-02T08:55:47","slug":"193-2","status":"publish","type":"page","link":"https:\/\/mirazofuneraria.es\/index.php\/193-2\/","title":{"rendered":"SEGUROS"},"content":{"rendered":"\n<div class=\"slider-wrapper relative\" id=\"slider-319425430\" >\n    <div class=\"slider slider-nav-circle slider-nav-large slider-nav-light slider-style-normal\"\n        data-flickity-options='{\n            \"cellAlign\": \"center\",\n            \"imagesLoaded\": true,\n            \"lazyLoad\": 1,\n            \"freeScroll\": false,\n            \"wrapAround\": true,\n            \"autoPlay\": 6000,\n            \"pauseAutoPlayOnHover\" : true,\n            \"prevNextButtons\": true,\n            \"contain\" : true,\n            \"adaptiveHeight\" : true,\n            \"dragThreshold\" : 10,\n            \"percentPosition\": true,\n            \"pageDots\": true,\n            \"rightToLeft\": false,\n            \"draggable\": true,\n            \"selectedAttraction\": 0.1,\n            \"parallax\" : 0,\n            \"friction\": 0.6        }'\n        >\n        \n\n\n  <div class=\"banner has-hover\" id=\"banner-872444263\">\n          <div class=\"banner-inner fill\">\n        <div class=\"banner-bg fill\" >\n            <div class=\"bg fill bg-fill \"><\/div>\n                        <div class=\"overlay\"><\/div>            \n                    <\/div>\n        <div class=\"banner-layers container\">\n            <div class=\"fill banner-link\"><\/div>            \n\n   <div id=\"text-box-491101530\" class=\"text-box banner-layer x50 md-x25 lg-x5 y90 md-y95 lg-y85 res-text\">\n                                <div class=\"text-box-content text box-shadow-1\">\n              \n              <div class=\"text-inner text-left\">\n                  \n\n\t<div id=\"text-4111492526\" class=\"text\">\n\t\t\n\n<h6>BENITO MIRAZO SEGUROS<\/h6>\n<h3 class=\"uppercase\">SEGURO DE DECESOS<\/h3>\n<p>El mejor Seguro de Decesos del Grove con Funeraria propia.<\/p>\n\t\t\n<style>\n#text-4111492526 {\n  font-size: 1.15rem;\n}\n<\/style>\n\t<\/div>\n\t\n<a href=\"tel:34986733374\" target=\"_self\" class=\"button primary is-gradient is-larger\"  >\n    <span>LLAMAR<\/span>\n  <\/a>\n\n\n\n              <\/div>\n           <\/div>\n                            \n<style>\n#text-box-491101530 .text-box-content {\n  background-color: rgba(255, 255, 255, 0.94);\n  font-size: 100%;\n}\n#text-box-491101530 .text-inner {\n  padding: 30px 30px 30px 30px;\n}\n#text-box-491101530 {\n  width: 90%;\n}\n@media (min-width:550px) {\n  #text-box-491101530 {\n    width: 55%;\n  }\n}\n@media (min-width:850px) {\n  #text-box-491101530 {\n    width: 44%;\n  }\n}\n<\/style>\n    <\/div>\n \n\n        <\/div>\n      <\/div>\n\n            \n<style>\n#banner-872444263 {\n  padding-top: 637px;\n}\n#banner-872444263 .bg.bg-loaded {\n  background-image: url(https:\/\/mirazofuneraria.es\/wp-content\/uploads\/2022\/03\/plant-4036130_960_720.jpg);\n}\n#banner-872444263 .overlay {\n  background-color: rgba(72, 61, 61, 0.692);\n}\n#banner-872444263 .bg {\n  background-position: 62% 60%;\n}\n<\/style>\n  <\/div>\n\n\n\n  <div class=\"banner has-hover\" id=\"banner-209751061\">\n          <div class=\"banner-inner fill\">\n        <div class=\"banner-bg fill\" >\n            <div class=\"bg fill bg-fill \"><\/div>\n                        <div class=\"overlay\"><\/div>            \n                    <\/div>\n        <div class=\"banner-layers container\">\n            <div class=\"fill banner-link\"><\/div>            \n\n   <div id=\"text-box-1104770153\" class=\"text-box banner-layer x5 md-x5 lg-x5 y90 md-y85 lg-y85 res-text\">\n                                <div class=\"text-box-content text box-shadow-1\">\n              \n              <div class=\"text-inner text-left\">\n                  \n\n\t<div id=\"text-687098351\" class=\"text\">\n\t\t\n\n<h6>BENITO MIRAZO SEGUROS<\/h6>\n<h3 class=\"uppercase\">PROTEGE A LOS TUYOS<\/h3>\n<p>Cu\u00eddate a ti y a los tuyos con nuestro seguro de decesos.<\/p>\n\t\t\n<style>\n#text-687098351 {\n  font-size: 1.15rem;\n}\n<\/style>\n\t<\/div>\n\t\n<a href=\"tel:34986733374\" target=\"_self\" class=\"button primary is-larger\"  >\n    <span>LLAMAR<\/span>\n  <\/a>\n\n\n\n              <\/div>\n           <\/div>\n                            \n<style>\n#text-box-1104770153 .text-box-content {\n  background-color: rgba(255, 255, 255, 0.94);\n  font-size: 100%;\n}\n#text-box-1104770153 .text-inner {\n  padding: 30px 30px 30px 30px;\n}\n#text-box-1104770153 {\n  width: 88%;\n}\n@media (min-width:550px) {\n  #text-box-1104770153 {\n    width: 50%;\n  }\n}\n<\/style>\n    <\/div>\n \n\n        <\/div>\n      <\/div>\n\n            \n<style>\n#banner-209751061 {\n  padding-top: 637px;\n}\n#banner-209751061 .bg.bg-loaded {\n  background-image: url(https:\/\/mirazofuneraria.es\/wp-content\/uploads\/2022\/03\/PROTEGER-A-LOS-HIJOS.jpg);\n}\n#banner-209751061 .overlay {\n  background-color: rgba(49, 46, 46, 0.558);\n}\n#banner-209751061 .bg {\n  background-position: 62% 68%;\n}\n<\/style>\n  <\/div>\n\n\n\n     <\/div>\n\n     <div class=\"loading-spin dark large centered\"><\/div>\n\n     \t<\/div>\n\n\n\t<section class=\"section\" id=\"section_1929884062\">\n\t\t<div class=\"bg section-bg fill bg-fill  bg-loaded\" >\n\n\t\t\t\n\t\t\t\n\t\t\t\n\n\t\t<\/div>\n\n\t\t<div class=\"section-content relative\">\n\t\t\t\n\n<div class=\"row row-large align-center row-divided\"  id=\"row-1578868699\">\n\n\n\t<div id=\"col-920281194\" class=\"col medium-4 small-12 large-4\"  >\n\t\t\t\t<div class=\"col-inner\"  >\n\t\t\t\n\t\t\t\n\n\n\t\t<div class=\"icon-box featured-box icon-box-center text-center\"  style=\"margin:0px 0px 0px 0px;\">\n\t\t\t\t\t<div class=\"icon-box-img has-icon-bg\" style=\"width: 107px\">\n\t\t\t\t<div class=\"icon\">\n\t\t\t\t\t<div class=\"icon-inner\" style=\"border-width:2px;\">\n\t\t\t\t\t\t<img loading=\"lazy\" decoding=\"async\" width=\"300\" height=\"300\" src=\"https:\/\/mirazofuneraria.es\/wp-content\/uploads\/2022\/03\/pngtree-ruler-icon-png-image_1753755-300x300.webp\" class=\"attachment-medium size-medium\" alt=\"\" srcset=\"https:\/\/mirazofuneraria.es\/wp-content\/uploads\/2022\/03\/pngtree-ruler-icon-png-image_1753755-300x300.webp 300w, https:\/\/mirazofuneraria.es\/wp-content\/uploads\/2022\/03\/pngtree-ruler-icon-png-image_1753755-150x150.webp 150w, https:\/\/mirazofuneraria.es\/wp-content\/uploads\/2022\/03\/pngtree-ruler-icon-png-image_1753755.webp 640w\" sizes=\"auto, (max-width: 300px) 100vw, 300px\" \/>\t\t\t\t\t<\/div>\n\t\t\t\t<\/div>\n\t\t\t<\/div>\n\t\t\t\t<div class=\"icon-box-text last-reset\">\n\t\t\t<h5 class=\"uppercase\">A MEDIDA<\/h5>\t\t\t\t\t\t\n\n<p>Elige tus coberturas y haz un seguro que se adapte a tus necesidades.<\/p>\n\n\t\t<\/div>\n\t<\/div>\n\t\n\t\n\n\t\t<\/div>\n\t\t\t\t\t<\/div>\n\n\t\n\n\t<div id=\"col-2127126075\" class=\"col medium-4 small-12 large-4\"  >\n\t\t\t\t<div class=\"col-inner\"  >\n\t\t\t\n\t\t\t\n\n\n\t\t<div class=\"icon-box featured-box icon-box-center text-center\"  style=\"margin:0px 0px 0px 0px;\">\n\t\t\t\t\t<div class=\"icon-box-img has-icon-bg\" style=\"width: 107px\">\n\t\t\t\t<div class=\"icon\">\n\t\t\t\t\t<div class=\"icon-inner\" style=\"border-width:2px;\">\n\t\t\t\t\t\t<img loading=\"lazy\" decoding=\"async\" width=\"300\" height=\"300\" src=\"https:\/\/mirazofuneraria.es\/wp-content\/uploads\/2022\/03\/40087-300x300.webp\" class=\"attachment-medium size-medium\" alt=\"\" srcset=\"https:\/\/mirazofuneraria.es\/wp-content\/uploads\/2022\/03\/40087-300x300.webp 300w, https:\/\/mirazofuneraria.es\/wp-content\/uploads\/2022\/03\/40087-150x150.webp 150w, https:\/\/mirazofuneraria.es\/wp-content\/uploads\/2022\/03\/40087.webp 512w\" sizes=\"auto, (max-width: 300px) 100vw, 300px\" \/>\t\t\t\t\t<\/div>\n\t\t\t\t<\/div>\n\t\t\t<\/div>\n\t\t\t\t<div class=\"icon-box-text last-reset\">\n\t\t\t<h5 class=\"uppercase\">econ\u00f3mico<\/h5>\t\t\t\t\t\t\n\n<p>Queremos ofrecerte el mejor seguro al mejor precio.<\/p>\n\n\t\t<\/div>\n\t<\/div>\n\t\n\t\n\n\t\t<\/div>\n\t\t\t\t\t<\/div>\n\n\t\n\n\t<div id=\"col-270158022\" class=\"col medium-4 small-12 large-4\"  >\n\t\t\t\t<div class=\"col-inner\"  >\n\t\t\t\n\t\t\t\n\n\n\t\t<div class=\"icon-box featured-box icon-box-center text-center\"  style=\"margin:0px 0px 0px 0px;\">\n\t\t\t\t\t<div class=\"icon-box-img has-icon-bg\" style=\"width: 107px\">\n\t\t\t\t<div class=\"icon\">\n\t\t\t\t\t<div class=\"icon-inner\" style=\"border-width:2px;\">\n\t\t\t\t\t\t<img loading=\"lazy\" decoding=\"async\" width=\"300\" height=\"300\" src=\"https:\/\/mirazofuneraria.es\/wp-content\/uploads\/2022\/03\/simbolo-del-avatar-perfil-de-la-persona-masculina-vector-icono-encargado-con-cartera-para-el-negocio-en-pictograma-plano-glyph-119271643-300x300.webp\" class=\"attachment-medium size-medium\" alt=\"\" srcset=\"https:\/\/mirazofuneraria.es\/wp-content\/uploads\/2022\/03\/simbolo-del-avatar-perfil-de-la-persona-masculina-vector-icono-encargado-con-cartera-para-el-negocio-en-pictograma-plano-glyph-119271643-300x300.webp 300w, https:\/\/mirazofuneraria.es\/wp-content\/uploads\/2022\/03\/simbolo-del-avatar-perfil-de-la-persona-masculina-vector-icono-encargado-con-cartera-para-el-negocio-en-pictograma-plano-glyph-119271643-150x150.webp 150w, https:\/\/mirazofuneraria.es\/wp-content\/uploads\/2022\/03\/simbolo-del-avatar-perfil-de-la-persona-masculina-vector-icono-encargado-con-cartera-para-el-negocio-en-pictograma-plano-glyph-119271643-768x768.webp 768w, https:\/\/mirazofuneraria.es\/wp-content\/uploads\/2022\/03\/simbolo-del-avatar-perfil-de-la-persona-masculina-vector-icono-encargado-con-cartera-para-el-negocio-en-pictograma-plano-glyph-119271643.webp 800w\" sizes=\"auto, (max-width: 300px) 100vw, 300px\" \/>\t\t\t\t\t<\/div>\n\t\t\t\t<\/div>\n\t\t\t<\/div>\n\t\t\t\t<div class=\"icon-box-text last-reset\">\n\t\t\t<h5 class=\"uppercase\">Company Feature 3<\/h5>\t\t\t\t\t\t\n\n<p>Nuestro seguro de decesos cuenta con funeraria propia que nos garantiza un servicio profesional.<\/p>\n\n\t\t<\/div>\n\t<\/div>\n\t\n\t\n\n\t\t<\/div>\n\t\t\t\t\t<\/div>\n\n\t\n\n<\/div>\n\n\t\t<\/div>\n\n\t\t\n<style>\n#section_1929884062 {\n  padding-top: 30px;\n  padding-bottom: 30px;\n  background-color: rgb(255, 255, 255);\n}\n<\/style>\n\t<\/section>\n\t\n\t<section class=\"section\" id=\"section_1064399865\">\n\t\t<div class=\"bg section-bg fill bg-fill  bg-loaded\" >\n\n\t\t\t\n\t\t\t<div class=\"section-bg-overlay absolute fill\"><\/div>\n\t\t\t\n\t<div class=\"is-border\"\n\t\tstyle=\"border-width:1px 0px 1px 0px;\">\n\t<\/div>\n\n\t\t<\/div>\n\n\t\t<div class=\"section-content relative\">\n\t\t\t\n\n<div class=\"row row-large align-middle\"  id=\"row-855836966\">\n\n\n\t<div id=\"col-1166984211\" class=\"col medium-6 small-12 large-6\"  >\n\t\t\t\t<div class=\"col-inner\"  >\n\t\t\t\n\t\t\t\n\n\t<div class=\"img has-hover x md-x lg-x y md-y lg-y\" id=\"image_622964982\">\n\t\t\t\t\t\t\t\t<div class=\"img-inner box-shadow-2 dark\" >\n\t\t\t\t\t\t\t\t\t\n\t\t\t\t\t<\/div>\n\t\t\t\t\t\t\t\t\n<style>\n#image_622964982 {\n  width: 100%;\n}\n<\/style>\n\t<\/div>\n\t\n\n\t<div class=\"img has-hover x md-x lg-x y md-y lg-y\" id=\"image_1852618428\">\n\t\t\t\t\t\t\t\t<div class=\"img-inner dark\" >\n\t\t\t<img loading=\"lazy\" decoding=\"async\" width=\"960\" height=\"539\" src=\"https:\/\/mirazofuneraria.es\/wp-content\/uploads\/2022\/03\/waves-3473335_960_720.webp\" class=\"attachment-large size-large\" alt=\"\" srcset=\"https:\/\/mirazofuneraria.es\/wp-content\/uploads\/2022\/03\/waves-3473335_960_720.webp 960w, https:\/\/mirazofuneraria.es\/wp-content\/uploads\/2022\/03\/waves-3473335_960_720-300x168.webp 300w, https:\/\/mirazofuneraria.es\/wp-content\/uploads\/2022\/03\/waves-3473335_960_720-768x431.webp 768w\" sizes=\"auto, (max-width: 960px) 100vw, 960px\" \/>\t\t\t\t\t\t\t<div class=\"overlay\" style=\"background-color: rgba(49, 45, 45, 0.279)\"><\/div>\n\t\t\t\t\t\t\n\t\t\t\t\t<\/div>\n\t\t\t\t\t\t\t\t\n<style>\n#image_1852618428 {\n  width: 100%;\n}\n<\/style>\n\t<\/div>\n\t\n\n\n\t\t<\/div>\n\t\t\t\t\t<\/div>\n\n\t\n\n\t<div id=\"col-383897674\" class=\"col medium-6 small-12 large-6\"  >\n\t\t\t\t<div class=\"col-inner text-left\"  >\n\t\t\t\n\t\t\t\n\n<h2 class=\"uppercase\">tu aseguradora en o grove<\/h2>\n<p>\u00a0<\/p>\n<a href=\"tel:34986733374\" target=\"_self\" class=\"button primary\"  >\n    <span>llamar<\/span>\n  <\/a>\n\n\n\n\t\t<\/div>\n\t\t\t\t\t<\/div>\n\n\t\n\n<\/div>\n\n\t\t<\/div>\n\n\t\t\n<style>\n#section_1064399865 {\n  padding-top: 60px;\n  padding-bottom: 60px;\n  background-color: rgb(193, 193, 193);\n}\n#section_1064399865 .section-bg-overlay {\n  background-color: rgba(255, 255, 255, 0.85);\n}\n<\/style>\n\t<\/section>\n\t\n<div class=\"row\"  id=\"row-1262105072\">\n\n\n\t<div id=\"col-102689511\" class=\"col small-12 large-12\"  >\n\t\t\t\t<div class=\"col-inner\"  >\n\t\t\t\n\t\t\t\n\n<div class=\"row row-collapse\"  id=\"row-168710639\">\n\n\n\t<div id=\"col-1465941521\" class=\"col small-12 large-12\"  >\n\t\t\t\t<div class=\"col-inner\"  >\n\t\t\t\n\t\t\t\n\n\t<section class=\"section dark\" id=\"section_1623625725\">\n\t\t<div class=\"bg section-bg fill bg-fill  \" >\n\n\t\t\t\n\t\t\t<div class=\"section-bg-overlay absolute fill\"><\/div>\n\t\t\t\n\n\t\t<\/div>\n\n\t\t<div class=\"section-content relative\">\n\t\t\t\n\n<div class=\"is-divider divider clearfix\" style=\"height:150px;background-color:rgba(0, 0, 0, 0);\"><\/div>\n\n<div class=\"row\"  id=\"row-1482446805\">\n\n\n\t<div id=\"col-422301300\" class=\"col medium-9 small-12 large-6\"  >\n\t\t\t\t<div class=\"col-inner\"  >\n\t\t\t\n\t\t\t\n\n\t<div id=\"gap-208355025\" class=\"gap-element clearfix\" style=\"display:block; height:auto;\">\n\t\t\n<style>\n#gap-208355025 {\n  padding-top: 30px;\n}\n<\/style>\n\t<\/div>\n\t\n\n\t<div id=\"text-1782825307\" class=\"text\">\n\t\t\n\n<p><strong>SOMOS AGENTES EXCLUSIVOS DE HELVETIA<\/strong><\/p>\n\t\t\n<style>\n#text-1782825307 {\n  font-size: 1.45rem;\n}\n@media (min-width:550px) {\n  #text-1782825307 {\n    font-size: 2.1rem;\n  }\n}\n<\/style>\n\t<\/div>\n\t\n\t<div id=\"text-413806621\" class=\"text\">\n\t\t\n\n<p>Consulta nuestro cuadro m\u00e9dico y descubre la red de centros sanitarios y especialistas que ponemos a tu disposici\u00f3n.<\/p>\n\t\t\n<style>\n#text-413806621 {\n  font-size: 0.9rem;\n  line-height: 1;\n}\n@media (min-width:550px) {\n  #text-413806621 {\n    font-size: 1rem;\n    line-height: 1.25;\n  }\n}\n<\/style>\n\t<\/div>\n\t\n\t<div id=\"stack-3526041699\" class=\"stack stack-row justify-start items-stretch sm:stack-col\">\n\t\t\n\n<a href=\"https:\/\/www.serviall.com\/helvetia\/accessing.php?cod=897gset544\" target=\"_self\" class=\"button white\"  style=\"padding:6px 30px 6px 30px;\">\n    <span>CONSULTA CUADRO M\u00c9DICO<\/span>\n  <\/a>\n\n\n<a href=\"tel:34986733374\" target=\"_self\" class=\"button white\"  style=\"padding:6px 30px 6px 30px;\">\n    <span>llamar<\/span>\n  <\/a>\n\n\n\n\t\t\n<style>\n#stack-3526041699 > * {\n  --stack-gap: 0.75rem;\n}\n<\/style>\n\t<\/div>\n\t\n\n\t\t<\/div>\n\t\t\t\t\n<style>\n#col-422301300 > .col-inner {\n  padding: 0px 0px 0px 0;\n}\n@media (min-width:550px) {\n  #col-422301300 > .col-inner {\n    padding: 0px 0px 0px 10%;\n  }\n}\n<\/style>\n\t<\/div>\n\n\t\n\n<\/div>\n\n\t\t<\/div>\n\n\t\t\n<style>\n#section_1623625725 {\n  padding-top: 0px;\n  padding-bottom: 0px;\n  min-height: 450px;\n}\n#section_1623625725 .section-bg-overlay {\n  background-color: rgba(0, 0, 0, 0.529);\n}\n#section_1623625725 .section-bg.bg-loaded {\n  background-image: url(https:\/\/mirazofuneraria.es\/wp-content\/uploads\/2022\/03\/telefono-gratuito-helvetia.webp);\n}\n#section_1623625725 .section-bg {\n  background-position: 63% 64%;\n}\n@media (min-width:550px) {\n  #section_1623625725 {\n    min-height: 500px;\n  }\n}\n<\/style>\n\t<\/section>\n\t\n\n\t\t<\/div>\n\t\t\t\t\t<\/div>\n\n\t\n\n<\/div>\n<div class=\"row row-collapse align-equal\"  id=\"row-1534495248\">\n\n\n\t<div id=\"col-1298008873\" class=\"col medium-4 small-12 large-4\"  >\n\t\t\t\t<div class=\"col-inner text-center dark\" style=\"background-color:rgb(174, 198, 222);\" >\n\t\t\t\n\t\t\t\n\n\t<div id=\"gap-259356151\" class=\"gap-element clearfix\" style=\"display:block; height:auto;\">\n\t\t\n<style>\n#gap-259356151 {\n  padding-top: 10px;\n}\n@media (min-width:550px) {\n  #gap-259356151 {\n    padding-top: 25px;\n  }\n}\n@media (min-width:850px) {\n  #gap-259356151 {\n    padding-top: 10px;\n  }\n}\n<\/style>\n\t<\/div>\n\t\n\n\t<div id=\"text-1250193365\" class=\"text\">\n\t\t\n\n<h3>Helvetia<\/h3>\n\t\t\n<style>\n#text-1250193365 {\n  font-size: 1.75rem;\n  line-height: 1;\n  color: rgb(0,0,0);\n}\n#text-1250193365 > * {\n  color: rgb(0,0,0);\n}\n@media (min-width:550px) {\n  #text-1250193365 {\n    font-size: 1.25rem;\n  }\n}\n@media (min-width:850px) {\n  #text-1250193365 {\n    font-size: 1.5rem;\n    line-height: 0.75;\n  }\n}\n<\/style>\n\t<\/div>\n\t\n\t<div id=\"text-1919100354\" class=\"text\">\n\t\t\n\n<p>Es una compa\u00f1\u00eda de seguros din\u00e1mica y competitiva que opera en todo el territorio mundial.\u00a0<\/p>\n\t\t\n<style>\n#text-1919100354 {\n  color: rgb(0,0,0);\n}\n#text-1919100354 > * {\n  color: rgb(0,0,0);\n}\n<\/style>\n\t<\/div>\n\t\n\n\t\t<\/div>\n\t\t\t\t\n<style>\n#col-1298008873 > .col-inner {\n  padding: 15% 10% 10% 10%;\n}\n<\/style>\n\t<\/div>\n\n\t\n\n\t<div id=\"col-1096944592\" class=\"col medium-4 small-12 large-4\"  >\n\t\t\t\t<div class=\"col-inner text-center dark\" style=\"background-color:rgb(157, 184, 211);\" >\n\t\t\t\n\t\t\t\n\n\t<div id=\"text-615767689\" class=\"text\">\n\t\t\n\n<h3>Descuentos exclusivos<\/h3>\n\t\t\n<style>\n#text-615767689 {\n  font-size: 1.75rem;\n  line-height: 0.9;\n  color: rgb(0,0,0);\n}\n#text-615767689 > * {\n  color: rgb(0,0,0);\n}\n@media (min-width:550px) {\n  #text-615767689 {\n    font-size: 1.25rem;\n  }\n}\n@media (min-width:850px) {\n  #text-615767689 {\n    font-size: 1.5rem;\n  }\n}\n<\/style>\n\t<\/div>\n\t\n\t<div id=\"text-3148205173\" class=\"text\">\n\t\t\n\n<p>Aprovechate de nuestros descuentos especiales.<\/p>\n\t\t\n<style>\n#text-3148205173 {\n  color: rgb(0,0,0);\n}\n#text-3148205173 > * {\n  color: rgb(0,0,0);\n}\n<\/style>\n\t<\/div>\n\t\n\n\t\t<\/div>\n\t\t\t\t\n<style>\n#col-1096944592 > .col-inner {\n  padding: 15% 10% 10% 10%;\n}\n<\/style>\n\t<\/div>\n\n\t\n\n\t<div id=\"col-1346600322\" class=\"col medium-4 small-12 large-4\"  >\n\t\t\t\t<div class=\"col-inner text-center dark\" style=\"background-color:rgb(174, 198, 222);\" >\n\t\t\t\n\t\t\t\n\n\t<div id=\"gap-1959716564\" class=\"gap-element clearfix\" style=\"display:block; height:auto;\">\n\t\t\n<style>\n#gap-1959716564 {\n  padding-top: 10px;\n}\n@media (min-width:550px) {\n  #gap-1959716564 {\n    padding-top: 25px;\n  }\n}\n@media (min-width:850px) {\n  #gap-1959716564 {\n    padding-top: 10px;\n  }\n}\n<\/style>\n\t<\/div>\n\t\n\n\t<div id=\"text-3312402151\" class=\"text\">\n\t\t\n\n<h3>Tranquilidad<\/h3>\n\t\t\n<style>\n#text-3312402151 {\n  font-size: 1.75rem;\n  line-height: 1.25;\n  color: rgb(0,0,0);\n}\n#text-3312402151 > * {\n  color: rgb(0,0,0);\n}\n@media (min-width:550px) {\n  #text-3312402151 {\n    font-size: 1.25rem;\n  }\n}\n@media (min-width:850px) {\n  #text-3312402151 {\n    font-size: 1.5rem;\n    line-height: 0.75;\n  }\n}\n<\/style>\n\t<\/div>\n\t\n\t<div id=\"text-262297062\" class=\"text\">\n\t\t\n\n<p>Nosotros nos encargamos de gestionar todos tus probelmas.<\/p>\n\t\t\n<style>\n#text-262297062 {\n  color: rgb(0,0,0);\n}\n#text-262297062 > * {\n  color: rgb(0,0,0);\n}\n<\/style>\n\t<\/div>\n\t\n\n\t\t<\/div>\n\t\t\t\t\n<style>\n#col-1346600322 > .col-inner {\n  padding: 15% 10% 10% 10%;\n}\n<\/style>\n\t<\/div>\n\n\t\n\n<\/div>\n\n\t\t<\/div>\n\t\t\t\t\t<\/div>\n\n\t\n\n<\/div>\n<div class=\"message-box relative dark\" style=\"padding-top:36px;padding-bottom:36px;\"><div class=\"message-box-bg-image bg-fill fill\" ><\/div><div class=\"message-box-bg-overlay bg-fill fill\" style=\"background-color:rgb(74, 74, 74);\"><\/div><div class=\"container relative\"><div class=\"inner last-reset\">\n\n<div class=\"row align-middle\"  id=\"row-1493380951\">\n\n\n\t<div id=\"col-116548509\" class=\"col medium-7 small-12 large-7\"  >\n\t\t\t\t<div class=\"col-inner\"  >\n\t\t\t\n\t\t\t\n\n<h2 class=\"uppercase\">ll\u00e1manos ya y contrata tu seguro.<\/h2>\n<p>Realizamos tu presupuesto sin compromiso ninguno.<\/p>\n<div class=\"is-divider divider clearfix\" style=\"background-color:rgba(11, 10, 10, 0);\"><\/div>\n\n\n\t\t<\/div>\n\t\t\t\t\t<\/div>\n\n\t\n\n\t<div id=\"col-859262717\" class=\"col medium-5 small-12 large-5\"  >\n\t\t\t\t<div class=\"col-inner text-right\"  >\n\t\t\t\n\t\t\t\n\n<a data-animate=\"flipInY\" href=\"tel:34986733374\" target=\"_self\" class=\"button white is-outline is-larger\"  >\n    <span>llamar<\/span>\n  <\/a>\n\n\n\n\t\t<\/div>\n\t\t\t\t\t<\/div>\n\n\t\n\n<\/div>\n\n<\/div><\/div><\/div>\n\t<div id=\"gap-66631382\" class=\"gap-element clearfix\" style=\"display:block; height:auto;\">\n\t\t\n<style>\n#gap-66631382 {\n  padding-top: 50px;\n}\n<\/style>\n\t<\/div>\n\t\n\n\t<div id=\"gap-218168958\" class=\"gap-element clearfix\" style=\"display:block; height:auto;\">\n\t\t\n<style>\n#gap-218168958 {\n  padding-top: 50px;\n}\n<\/style>\n\t<\/div>\n\t\n\n\n","protected":false},"excerpt":{"rendered":"","protected":false},"author":1,"featured_media":0,"parent":0,"menu_order":0,"comment_status":"closed","ping_status":"closed","template":"page-blank.php","meta":{"footnotes":""},"class_list":["post-193","page","type-page","status-publish","hentry"],"_links":{"self":[{"href":"https:\/\/mirazofuneraria.es\/index.php\/wp-json\/wp\/v2\/pages\/193","targetHints":{"allow":["GET"]}}],"collection":[{"href":"https:\/\/mirazofuneraria.es\/index.php\/wp-json\/wp\/v2\/pages"}],"about":[{"href":"https:\/\/mirazofuneraria.es\/index.php\/wp-json\/wp\/v2\/types\/page"}],"author":[{"embeddable":true,"href":"https:\/\/mirazofuneraria.es\/index.php\/wp-json\/wp\/v2\/users\/1"}],"replies":[{"embeddable":true,"href":"https:\/\/mirazofuneraria.es\/index.php\/wp-json\/wp\/v2\/comments?post=193"}],"version-history":[{"count":41,"href":"https:\/\/mirazofuneraria.es\/index.php\/wp-json\/wp\/v2\/pages\/193\/revisions"}],"predecessor-version":[{"id":296,"href":"https:\/\/mirazofuneraria.es\/index.php\/wp-json\/wp\/v2\/pages\/193\/revisions\/296"}],"wp:attachment":[{"href":"https:\/\/mirazofuneraria.es\/index.php\/wp-json\/wp\/v2\/media?parent=193"}],"curies":[{"name":"wp","href":"https:\/\/api.w.org\/{rel}","templated":true}]}}